{"id":81,"date":"2018-02-12T11:31:06","date_gmt":"2018-02-12T10:31:06","guid":{"rendered":"https:\/\/fr.koddos.net\/blog\/?page_id=81"},"modified":"2018-02-12T12:26:27","modified_gmt":"2018-02-12T11:26:27","slug":"veritable-histoire-de-couche-reseaux-lorigine-modele-osi","status":"publish","type":"page","link":"https:\/\/fr.koddos.net\/blog\/veritable-histoire-de-couche-reseaux-lorigine-modele-osi\/","title":{"rendered":"La v\u00e9ritable histoire de la couche r\u00e9seaux et l&rsquo;origine du mod\u00e8le OSI"},"content":{"rendered":"<p>Malgr\u00e9 le succ\u00e8s d&rsquo;Internet en rempla\u00e7ant toutes les tentatives pr\u00e9c\u00e9dentes pour construire un syst\u00e8me de communication informatique mondial, certains ing\u00e9nieurs n&rsquo;ont pas mis \u00e0 jour leur r\u00e9flexion \u00e0 partir des anciennes descriptions de r\u00e9seaux. A la place, ils s&rsquo;accrochent toujours au mod\u00e8le de r\u00e9f\u00e9rence \u00e0 7 couches obsol\u00e8te qui a \u00e9t\u00e9 invent\u00e9 par l&rsquo;ISO au lieu du mod\u00e8le de r\u00e9f\u00e9rence \u00e0 5 couches qui a \u00e9t\u00e9 invent\u00e9 pour Internet. Fait int\u00e9ressant, les ing\u00e9nieurs qui insistent pour utiliser l&rsquo;ancien mod\u00e8le ne peuvent pas identifier un seul protocole aux niveaux 5 et 6. Mais &#8230; parce qu&rsquo;ils ont appris le mod\u00e8le quelque part \u00e0 l&rsquo;\u00e9cole, ils esp\u00e8rent d\u00e9sesp\u00e9r\u00e9ment que les couches suppl\u00e9mentaires doivent \u00eatre utiles. Par cons\u00e9quent, ils classent incorrectement les applications en tant que couche 7 au lieu de la couche 5.<\/p>\n<p>Les chercheurs ont commenc\u00e9 \u00e0 se pencher sur les origines et les utilisations du mod\u00e8le de r\u00e9f\u00e9rence \u00e0 7 couches OSI pour d\u00e9terminer pourquoi un mod\u00e8le lourd et impr\u00e9cis a eu une telle long\u00e9vit\u00e9. Ils ont r\u00e9cemment d\u00e9couvert des faits surprenants. Nous savons depuis longtemps que le mod\u00e8le \u00e9tait le travail d&rsquo;un groupe. Nous ne savions pas, cependant, que le groupe se rencontrait tard dans la soir\u00e9e dans un bar et commen\u00e7ait \u00e0 se moquer de la culture pop am\u00e9ricaine. En fin de compte, ils ont commenc\u00e9 \u00e0 griffonner les noms des sept nains du film Disney sur une serviette en papier et quelqu&rsquo;un a plaisant\u00e9 en disant que sept \u00e9tait un tr\u00e8s bon chiffre pour les couches r\u00e9seau. Le lendemain matin \u00e0 la r\u00e9union du comit\u00e9 de normalisation, le groupe a pass\u00e9 en revue la serviette de cocktail et a convenu de mani\u00e8re g\u00e9n\u00e9rale qu&rsquo;ils avaient d\u00e9couvert quelque chose de fondamental la nuit pr\u00e9c\u00e9dente alors qu&rsquo;ils \u00e9taient saouls. \u00c0 la fin de la journ\u00e9e, ils avaient renomm\u00e9 les sept couches (avec des noms qui semblaient plus scientifiques), et ont produit le mod\u00e8le de base. Voici la liste et un peu d&rsquo;explication :<\/p>\n<p>&nbsp;<\/p>\n<table style=\"height: 1016px;\" width=\"885\">\n<tbody>\n<tr>\n<td width=\"62\"><strong>Couche<\/strong><\/td>\n<td style=\"text-align: center;\" width=\"81\"><strong>Nain<\/strong><\/td>\n<td style=\"text-align: center;\" width=\"82\"><strong>Nom<\/strong><\/td>\n<td style=\"text-align: center;\" width=\"395\"><strong>Explications<\/strong><\/td>\n<\/tr>\n<tr>\n<td width=\"62\">\n<hr \/>\n<\/td>\n<td>\n<hr \/>\n<\/td>\n<td>\n<hr \/>\n<\/td>\n<td>\n<hr \/>\n<\/td>\n<\/tr>\n<tr>\n<td width=\"62\"><strong>1<\/strong><\/td>\n<td width=\"81\"><strong>Dormeur<\/strong><\/td>\n<td width=\"82\"><strong>Physique<\/strong><\/td>\n<td width=\"395\">Le groupe trouve que les connexions physiques sont ennuyeuses, et a pens\u00e9 qu&rsquo;il pourrait aussi bien affecter la couche physique au nain \u00abDormeur\u00bb. En l&rsquo;occurrence, une sp\u00e9cification de protocole de couche 1 met en effet tout le monde en veille (essayez d&rsquo;en lire une tard dans la nuit).<\/td>\n<\/tr>\n<tr>\n<td width=\"62\"><strong>2<\/strong><\/td>\n<td width=\"81\"><strong>Atchoum<\/strong><\/td>\n<td width=\"82\"><strong>Lien<\/strong><\/td>\n<td width=\"395\">Si vous surveillez un r\u00e9seau et observez le mod\u00e8le de paquets \u00e9mis par un ordinateur, vous comprendrez imm\u00e9diatement la relation entre les protocoles de couche liaison et \u00abAtchoum\u00bb.<\/td>\n<\/tr>\n<tr>\n<td width=\"62\"><strong>3<\/strong><\/td>\n<td width=\"81\"><strong>Joyeux<\/strong><\/td>\n<td width=\"82\"><strong>R\u00e9seau<\/strong><\/td>\n<td width=\"395\">Tout le monde est content de la couche r\u00e9seau. Eh bien &#8230; pour \u00eatre honn\u00eate, le seul protocole de couche r\u00e9seau qui rend tout le monde heureux est le protocole Internet. Malheureusement, le protocole Internet ne fait pas partie de l&rsquo;OSI et n&rsquo;a pas vraiment \u00e9t\u00e9 con\u00e7u pour suivre le mod\u00e8le OSI (le mod\u00e8le n&rsquo;incluait pas l\u2019inter-r\u00e9seautage). Mais, les concepteurs avaient de bonnes intentions.<\/td>\n<\/tr>\n<tr>\n<td width=\"62\"><strong>4<\/strong><\/td>\n<td width=\"81\"><strong>Prof<\/strong><\/td>\n<td width=\"82\"><strong>Transport<\/strong><\/td>\n<td width=\"395\">Celui-ci est \u00e9vident &#8211; il n\u00e9cessite un doctorat pour comprendre les subtilit\u00e9s d&rsquo;un protocole de la couche transport.<\/td>\n<\/tr>\n<tr>\n<td width=\"62\"><strong>5<\/strong><\/td>\n<td width=\"81\"><strong>Simplet<\/strong><\/td>\n<td width=\"82\"><strong>Session<\/strong><\/td>\n<td width=\"395\">Eh oui, m\u00eame les concepteurs se sont rendu compte que le fait d&rsquo;avoir une couche de session s\u00e9par\u00e9e est une id\u00e9e fausse. Ils ont d\u00e9cid\u00e9 de suivre l&rsquo;approche de Disney en ajoutant du relief comique, donc ils sont rest\u00e9s dans une couche compl\u00e8tement inutile et en ont ri.<\/td>\n<\/tr>\n<tr>\n<td width=\"62\"><strong>6<\/strong><\/td>\n<td width=\"81\"><strong>Timide<\/strong><\/td>\n<td width=\"82\"><strong>Pr\u00e9sentation<\/strong><\/td>\n<td width=\"395\">Une autre petite blague. Les concepteurs se sont rendu compte que t\u00f4t ou tard quelqu&rsquo;un cr\u00e9erait un protocole de la couche de pr\u00e9sentation. Cependant, le groupe a d\u00e9cid\u00e9 de classer ces protocoles comme trop \u00ab\u00a0timide\u00a0\u00bb pour appara\u00eetre en public. Donc, m\u00eame si un protocole de pr\u00e9sentation est produit, personne ne peut le voir.<\/td>\n<\/tr>\n<tr>\n<td width=\"62\"><strong>7<\/strong><\/td>\n<td width=\"81\"><strong>Grincheux<\/strong><\/td>\n<td width=\"82\"><strong>Applications<\/strong><\/td>\n<td width=\"395\">Les programmeurs qui con\u00e7oivent des applications r\u00e9seau sont incroyablement grincheux &#8211; ils se plaignent de l&rsquo;efficacit\u00e9 des autres couches, des abstractions fondamentales du r\u00e9seau, des longues heures, de la difficult\u00e9 du d\u00e9bogage et de l&rsquo;API qu&rsquo;ils sont oblig\u00e9s d&rsquo;utiliser. Et les utilisateurs ajoutent au grincheux parce que les utilisateurs ne se plaignent jamais des protocoles d&rsquo;autres couches; ils ne se plaignent que des applications.<\/td>\n<\/tr>\n<\/tbody>\n<\/table>\n<p>Morale de l&rsquo;histoire: Si vous \u00eates un ing\u00e9nieur travaillant sur un comit\u00e9 de normalisation, \u00e9vitez de boire avec des coll\u00e8gues &#8211; une mauvaise blague que vous faites \u00e9clore tard dans la soir\u00e9e pourrait finir par hanter l&rsquo;industrie pendant des d\u00e9cennies.<\/p>\n<p>Source: <a href=\"https:\/\/www.cs.purdue.edu\/homes\/dec\/essay.network.layers.html\">https:\/\/www.cs.purdue.edu\/homes\/dec\/essay.network.layers.html<\/a><\/p>\n","protected":false},"excerpt":{"rendered":"<p>Malgr\u00e9 le succ\u00e8s d&rsquo;Internet en rempla\u00e7ant toutes les tentatives pr\u00e9c\u00e9dentes pour construire un syst\u00e8me de communication informatique mondial, certains ing\u00e9nieurs n&rsquo;ont pas mis \u00e0 jour leur r\u00e9flexion \u00e0 partir des anciennes descriptions de r\u00e9seaux. A la place, ils s&rsquo;accrochent toujours au mod\u00e8le de r\u00e9f\u00e9rence \u00e0 7 couches obsol\u00e8te qui a \u00e9t\u00e9 invent\u00e9 par l&rsquo;ISO au &hellip; <a href=\"https:\/\/fr.koddos.net\/blog\/veritable-histoire-de-couche-reseaux-lorigine-modele-osi\/\" class=\"more-link\">Continue reading <span class=\"screen-reader-text\">La v\u00e9ritable histoire de la couche r\u00e9seaux et l&rsquo;origine du mod\u00e8le OSI<\/span><\/a><\/p>\n","protected":false},"author":1,"featured_media":0,"parent":0,"menu_order":0,"comment_status":"closed","ping_status":"closed","template":"","meta":{"jetpack_post_was_ever_published":false,"footnotes":""},"class_list":["post-81","page","type-page","status-publish","hentry"],"yoast_head":"<!-- This site is optimized with the Yoast SEO plugin v27.3 - https:\/\/yoast.com\/product\/yoast-seo-wordpress\/ -->\n<title>La v\u00e9ritable histoire de la couche r\u00e9seaux et l&#039;origine du mod\u00e8le OSI - Blog KoDDoS<\/title>\n<meta name=\"robots\" content=\"index, follow, max-snippet:-1, max-image-preview:large, max-video-preview:-1\" \/>\n<link rel=\"canonical\" href=\"https:\/\/fr.koddos.net\/blog\/veritable-histoire-de-couche-reseaux-lorigine-modele-osi\/\" \/>\n<meta property=\"og:locale\" content=\"fr_FR\" \/>\n<meta property=\"og:type\" content=\"article\" \/>\n<meta property=\"og:title\" content=\"La v\u00e9ritable histoire de la couche r\u00e9seaux et l&#039;origine du mod\u00e8le OSI - Blog KoDDoS\" \/>\n<meta property=\"og:description\" content=\"Malgr\u00e9 le succ\u00e8s d&rsquo;Internet en rempla\u00e7ant toutes les tentatives pr\u00e9c\u00e9dentes pour construire un syst\u00e8me de communication informatique mondial, certains ing\u00e9nieurs n&rsquo;ont pas mis \u00e0 jour leur r\u00e9flexion \u00e0 partir des anciennes descriptions de r\u00e9seaux. A la place, ils s&rsquo;accrochent toujours au mod\u00e8le de r\u00e9f\u00e9rence \u00e0 7 couches obsol\u00e8te qui a \u00e9t\u00e9 invent\u00e9 par l&rsquo;ISO au &hellip; Continue reading La v\u00e9ritable histoire de la couche r\u00e9seaux et l&rsquo;origine du mod\u00e8le OSI\" \/>\n<meta property=\"og:url\" content=\"https:\/\/fr.koddos.net\/blog\/veritable-histoire-de-couche-reseaux-lorigine-modele-osi\/\" \/>\n<meta property=\"og:site_name\" content=\"Blog KoDDoS\" \/>\n<meta property=\"article:publisher\" content=\"https:\/\/www.facebook.com\/koddosCom\" \/>\n<meta property=\"article:modified_time\" content=\"2018-02-12T11:26:27+00:00\" \/>\n<meta name=\"twitter:card\" content=\"summary_large_image\" \/>\n<meta name=\"twitter:site\" content=\"@koddoscom\" \/>\n<meta name=\"twitter:label1\" content=\"Dur\u00e9e de lecture estim\u00e9e\" \/>\n\t<meta name=\"twitter:data1\" content=\"4 minutes\" \/>\n<script type=\"application\/ld+json\" class=\"yoast-schema-graph\">{\"@context\":\"https:\\\/\\\/schema.org\",\"@graph\":[{\"@type\":\"WebPage\",\"@id\":\"https:\\\/\\\/fr.koddos.net\\\/blog\\\/veritable-histoire-de-couche-reseaux-lorigine-modele-osi\\\/\",\"url\":\"https:\\\/\\\/fr.koddos.net\\\/blog\\\/veritable-histoire-de-couche-reseaux-lorigine-modele-osi\\\/\",\"name\":\"La v\u00e9ritable histoire de la couche r\u00e9seaux et l'origine du mod\u00e8le OSI - Blog KoDDoS\",\"isPartOf\":{\"@id\":\"https:\\\/\\\/fr.koddos.net\\\/blog\\\/#website\"},\"datePublished\":\"2018-02-12T10:31:06+00:00\",\"dateModified\":\"2018-02-12T11:26:27+00:00\",\"breadcrumb\":{\"@id\":\"https:\\\/\\\/fr.koddos.net\\\/blog\\\/veritable-histoire-de-couche-reseaux-lorigine-modele-osi\\\/#breadcrumb\"},\"inLanguage\":\"fr-FR\",\"potentialAction\":[{\"@type\":\"ReadAction\",\"target\":[\"https:\\\/\\\/fr.koddos.net\\\/blog\\\/veritable-histoire-de-couche-reseaux-lorigine-modele-osi\\\/\"]}]},{\"@type\":\"BreadcrumbList\",\"@id\":\"https:\\\/\\\/fr.koddos.net\\\/blog\\\/veritable-histoire-de-couche-reseaux-lorigine-modele-osi\\\/#breadcrumb\",\"itemListElement\":[{\"@type\":\"ListItem\",\"position\":1,\"name\":\"Accueil\",\"item\":\"https:\\\/\\\/fr.koddos.net\\\/blog\\\/\"},{\"@type\":\"ListItem\",\"position\":2,\"name\":\"La v\u00e9ritable histoire de la couche r\u00e9seaux et l&rsquo;origine du mod\u00e8le OSI\"}]},{\"@type\":\"WebSite\",\"@id\":\"https:\\\/\\\/fr.koddos.net\\\/blog\\\/#website\",\"url\":\"https:\\\/\\\/fr.koddos.net\\\/blog\\\/\",\"name\":\"Blog KoDDoS\",\"description\":\"Blog KoDDoS est un blog d\u2019information et d\u2019actualit\u00e9 focalis\u00e9 sur le hacking, la cyber criminalit\u00e9, la vie priv\u00e9e et la surveillance.\",\"publisher\":{\"@id\":\"https:\\\/\\\/fr.koddos.net\\\/blog\\\/#organization\"},\"potentialAction\":[{\"@type\":\"SearchAction\",\"target\":{\"@type\":\"EntryPoint\",\"urlTemplate\":\"https:\\\/\\\/fr.koddos.net\\\/blog\\\/?s={search_term_string}\"},\"query-input\":{\"@type\":\"PropertyValueSpecification\",\"valueRequired\":true,\"valueName\":\"search_term_string\"}}],\"inLanguage\":\"fr-FR\"},{\"@type\":\"Organization\",\"@id\":\"https:\\\/\\\/fr.koddos.net\\\/blog\\\/#organization\",\"name\":\"KoDDoS\",\"url\":\"https:\\\/\\\/fr.koddos.net\\\/blog\\\/\",\"logo\":{\"@type\":\"ImageObject\",\"inLanguage\":\"fr-FR\",\"@id\":\"https:\\\/\\\/fr.koddos.net\\\/blog\\\/#\\\/schema\\\/logo\\\/image\\\/\",\"url\":\"https:\\\/\\\/i1.wp.com\\\/fr.koddos.net\\\/blog\\\/wp-content\\\/uploads\\\/2018\\\/02\\\/logo.png?fit=258%2C55&ssl=1\",\"contentUrl\":\"https:\\\/\\\/i1.wp.com\\\/fr.koddos.net\\\/blog\\\/wp-content\\\/uploads\\\/2018\\\/02\\\/logo.png?fit=258%2C55&ssl=1\",\"width\":258,\"height\":55,\"caption\":\"KoDDoS\"},\"image\":{\"@id\":\"https:\\\/\\\/fr.koddos.net\\\/blog\\\/#\\\/schema\\\/logo\\\/image\\\/\"},\"sameAs\":[\"https:\\\/\\\/www.facebook.com\\\/koddosCom\",\"https:\\\/\\\/x.com\\\/koddoscom\"]}]}<\/script>\n<!-- \/ Yoast SEO plugin. -->","yoast_head_json":{"title":"La v\u00e9ritable histoire de la couche r\u00e9seaux et l'origine du mod\u00e8le OSI - Blog KoDDoS","robots":{"index":"index","follow":"follow","max-snippet":"max-snippet:-1","max-image-preview":"max-image-preview:large","max-video-preview":"max-video-preview:-1"},"canonical":"https:\/\/fr.koddos.net\/blog\/veritable-histoire-de-couche-reseaux-lorigine-modele-osi\/","og_locale":"fr_FR","og_type":"article","og_title":"La v\u00e9ritable histoire de la couche r\u00e9seaux et l'origine du mod\u00e8le OSI - Blog KoDDoS","og_description":"Malgr\u00e9 le succ\u00e8s d&rsquo;Internet en rempla\u00e7ant toutes les tentatives pr\u00e9c\u00e9dentes pour construire un syst\u00e8me de communication informatique mondial, certains ing\u00e9nieurs n&rsquo;ont pas mis \u00e0 jour leur r\u00e9flexion \u00e0 partir des anciennes descriptions de r\u00e9seaux. A la place, ils s&rsquo;accrochent toujours au mod\u00e8le de r\u00e9f\u00e9rence \u00e0 7 couches obsol\u00e8te qui a \u00e9t\u00e9 invent\u00e9 par l&rsquo;ISO au &hellip; Continue reading La v\u00e9ritable histoire de la couche r\u00e9seaux et l&rsquo;origine du mod\u00e8le OSI","og_url":"https:\/\/fr.koddos.net\/blog\/veritable-histoire-de-couche-reseaux-lorigine-modele-osi\/","og_site_name":"Blog KoDDoS","article_publisher":"https:\/\/www.facebook.com\/koddosCom","article_modified_time":"2018-02-12T11:26:27+00:00","twitter_card":"summary_large_image","twitter_site":"@koddoscom","twitter_misc":{"Dur\u00e9e de lecture estim\u00e9e":"4 minutes"},"schema":{"@context":"https:\/\/schema.org","@graph":[{"@type":"WebPage","@id":"https:\/\/fr.koddos.net\/blog\/veritable-histoire-de-couche-reseaux-lorigine-modele-osi\/","url":"https:\/\/fr.koddos.net\/blog\/veritable-histoire-de-couche-reseaux-lorigine-modele-osi\/","name":"La v\u00e9ritable histoire de la couche r\u00e9seaux et l'origine du mod\u00e8le OSI - Blog KoDDoS","isPartOf":{"@id":"https:\/\/fr.koddos.net\/blog\/#website"},"datePublished":"2018-02-12T10:31:06+00:00","dateModified":"2018-02-12T11:26:27+00:00","breadcrumb":{"@id":"https:\/\/fr.koddos.net\/blog\/veritable-histoire-de-couche-reseaux-lorigine-modele-osi\/#breadcrumb"},"inLanguage":"fr-FR","potentialAction":[{"@type":"ReadAction","target":["https:\/\/fr.koddos.net\/blog\/veritable-histoire-de-couche-reseaux-lorigine-modele-osi\/"]}]},{"@type":"BreadcrumbList","@id":"https:\/\/fr.koddos.net\/blog\/veritable-histoire-de-couche-reseaux-lorigine-modele-osi\/#breadcrumb","itemListElement":[{"@type":"ListItem","position":1,"name":"Accueil","item":"https:\/\/fr.koddos.net\/blog\/"},{"@type":"ListItem","position":2,"name":"La v\u00e9ritable histoire de la couche r\u00e9seaux et l&rsquo;origine du mod\u00e8le OSI"}]},{"@type":"WebSite","@id":"https:\/\/fr.koddos.net\/blog\/#website","url":"https:\/\/fr.koddos.net\/blog\/","name":"Blog KoDDoS","description":"Blog KoDDoS est un blog d\u2019information et d\u2019actualit\u00e9 focalis\u00e9 sur le hacking, la cyber criminalit\u00e9, la vie priv\u00e9e et la surveillance.","publisher":{"@id":"https:\/\/fr.koddos.net\/blog\/#organization"},"potentialAction":[{"@type":"SearchAction","target":{"@type":"EntryPoint","urlTemplate":"https:\/\/fr.koddos.net\/blog\/?s={search_term_string}"},"query-input":{"@type":"PropertyValueSpecification","valueRequired":true,"valueName":"search_term_string"}}],"inLanguage":"fr-FR"},{"@type":"Organization","@id":"https:\/\/fr.koddos.net\/blog\/#organization","name":"KoDDoS","url":"https:\/\/fr.koddos.net\/blog\/","logo":{"@type":"ImageObject","inLanguage":"fr-FR","@id":"https:\/\/fr.koddos.net\/blog\/#\/schema\/logo\/image\/","url":"https:\/\/i1.wp.com\/fr.koddos.net\/blog\/wp-content\/uploads\/2018\/02\/logo.png?fit=258%2C55&ssl=1","contentUrl":"https:\/\/i1.wp.com\/fr.koddos.net\/blog\/wp-content\/uploads\/2018\/02\/logo.png?fit=258%2C55&ssl=1","width":258,"height":55,"caption":"KoDDoS"},"image":{"@id":"https:\/\/fr.koddos.net\/blog\/#\/schema\/logo\/image\/"},"sameAs":["https:\/\/www.facebook.com\/koddosCom","https:\/\/x.com\/koddoscom"]}]}},"jetpack_sharing_enabled":true,"jetpack_shortlink":"https:\/\/wp.me\/P9DjzA-1j","jetpack_likes_enabled":true,"_links":{"self":[{"href":"https:\/\/fr.koddos.net\/blog\/wp-json\/wp\/v2\/pages\/81","targetHints":{"allow":["GET"]}}],"collection":[{"href":"https:\/\/fr.koddos.net\/blog\/wp-json\/wp\/v2\/pages"}],"about":[{"href":"https:\/\/fr.koddos.net\/blog\/wp-json\/wp\/v2\/types\/page"}],"author":[{"embeddable":true,"href":"https:\/\/fr.koddos.net\/blog\/wp-json\/wp\/v2\/users\/1"}],"replies":[{"embeddable":true,"href":"https:\/\/fr.koddos.net\/blog\/wp-json\/wp\/v2\/comments?post=81"}],"version-history":[{"count":9,"href":"https:\/\/fr.koddos.net\/blog\/wp-json\/wp\/v2\/pages\/81\/revisions"}],"predecessor-version":[{"id":91,"href":"https:\/\/fr.koddos.net\/blog\/wp-json\/wp\/v2\/pages\/81\/revisions\/91"}],"wp:attachment":[{"href":"https:\/\/fr.koddos.net\/blog\/wp-json\/wp\/v2\/media?parent=81"}],"curies":[{"name":"wp","href":"https:\/\/api.w.org\/{rel}","templated":true}]}}