{"id":92,"date":"2018-02-12T12:57:24","date_gmt":"2018-02-12T11:57:24","guid":{"rendered":"https:\/\/fr.koddos.net\/blog\/?page_id=92"},"modified":"2018-02-12T13:01:54","modified_gmt":"2018-02-12T12:01:54","slug":"jackson-mississippi-fin-1963","status":"publish","type":"page","link":"https:\/\/fr.koddos.net\/blog\/jackson-mississippi-fin-1963\/","title":{"rendered":"JACKSON, MISSISSIPPI, fin 1963"},"content":{"rendered":"<p style=\"text-align: center;\"><strong>JACKSON, MISSISSIPPI, fin 1963<br \/>\nIvanhoe Donaldson<br \/>\nSecr\u00e9taire de la SNCC<\/strong><\/p>\n<p style=\"text-align: center;\">(Publi\u00e9 \u00e0 l&rsquo;origine dans Freedomways, 1er trimestre, 1964)<\/p>\n<p>Les deux derni\u00e8res semaines de septembre et le mois d&rsquo;octobre 1963 furent consacr\u00e9s \u00e0 l&rsquo;organisation et \u00e0 la campagne pour une \u00e9lection fictive \u00e0 laquelle les Noirs de l&rsquo;\u00c9tat du Mississippi furent invit\u00e9s \u00e0 participer.<\/p>\n<p>[Voir <a href=\"http:\/\/www.crmvet.org\/tim\/tim63b.htm#1963msballot\">Freedom Ballot in MS<\/a> pour plus d&rsquo;informations.]<\/p>\n<p>Le SNCC, en coop\u00e9ration avec d&rsquo;autres organisations de droits civiques, a sond\u00e9 l&rsquo;ensemble de l&rsquo;\u00c9tat dans le but de porter la question de l&rsquo;importance du pouvoir politique \u00e0 la communaut\u00e9 n\u00e8gre. \u00c0 bien des \u00e9gards, des n\u00e8gres de diverses communaut\u00e9s et des travailleurs de terrain du SNCC ont \u00e9t\u00e9 harcel\u00e9s et intimid\u00e9s par la police locale dans le but de d\u00e9courager toute activit\u00e9 politique. Ce qui suit est un exemple de l&rsquo;une des m\u00e9thodes que la police locale, sous la direction des structures de pouvoir politique locales, qui cherche \u00e0 s&rsquo;assurer que les travailleurs sont d\u00e9courag\u00e9s de prendre part \u00e0 l&rsquo;activit\u00e9 politique.<\/p>\n<p>Charles Cobb et moi-m\u00eame sommes arriv\u00e9s au bureau de Jackson, Mississippi (quartier g\u00e9n\u00e9ral de la campagne Henry-for-Governor) vers 19h pour discuter avec Bob Moses (leader du SNCC du Mississippi) de la possibilit\u00e9 d&rsquo;avoir plus de main-d&rsquo;\u0153uvre et un meilleur moyen de transport dans les comt\u00e9s que nous avons \u00e9t\u00e9 affect\u00e9s \u00e0 prospecter. Nous avions pass\u00e9 toute la journ\u00e9e \u00e0 prospecter dans les comt\u00e9s d&rsquo;Issaquena et de Sharkey. Mo\u00efse a d\u00e9cid\u00e9 qu&rsquo;il louerait des voitures pour compl\u00e9ter le besoin d&rsquo;\u00eatre plus mobile dans les comt\u00e9s. Il nous a demand\u00e9 d&rsquo;attendre et d&rsquo;aller avec lui \u00e0 l&rsquo;a\u00e9roport pour prendre quelques voitures lou\u00e9es plus tard dans la nuit. Vers 11h15, Cobb, Jessie Harris et moi avons rencontr\u00e9 Moses dans le bureau et sommes partis pour l&rsquo;a\u00e9roport. Nous sommes entr\u00e9s dans un Oldsmobile 1963 que Mo\u00efse avait lou\u00e9 plus t\u00f4t. Nous devions ramasser deux Ford Galaxies 1963 et quitter l&rsquo;Oldsmobile pour Moses. (Il prenait un avion et reviendrait dans quelques heures.)<\/p>\n<p>Nous nous sommes gar\u00e9s dans l&rsquo;espace de stationnement r\u00e9serv\u00e9 aux voitures lou\u00e9es \u00e0 l&rsquo;a\u00e9roport municipal de Jackson. Une voiture de police verte Valiant \u00e9tait gar\u00e9e, moteur en marche, \u00e0 quelques voitures de l\u00e0. Quand nous sommes sortis de la voiture, un policier est venu et a v\u00e9rifi\u00e9 le permis sur notre voiture et a dit \u00e0 Bob Moses de \u00ab\u00a0venir ici\u00a0\u00bb. Le reste d&rsquo;entre nous a march\u00e9 \u00e0 l&rsquo;int\u00e9rieur de l&rsquo;a\u00e9rogare o\u00f9 Mo\u00efse nous a rejoint quelques minutes apr\u00e8s. Mo\u00efse a rapport\u00e9 que le flic lui avait demand\u00e9 si les Olds \u00e9taient lou\u00e9s. Bob a ensuite donn\u00e9 \u00e0 Jessie Harris un jeu de cl\u00e9s pour les deux voitures lou\u00e9es, la Ford et l&rsquo;autre. Puis il a d\u00e9couvert qu&rsquo;il n&rsquo;avait que des papiers pour une Ford. Bob a essay\u00e9 d&rsquo;appeler le bureau plusieurs fois mais la ligne \u00e9tait soit morte, soit quelqu&rsquo;un a r\u00e9pondu et a dit que c&rsquo;\u00e9tait le mauvais num\u00e9ro. Finalement, nous avons eu une ligne et quelqu&rsquo;un du bureau devait sortir les papiers pour l&rsquo;autre Ford.<\/p>\n<p>Le policier qui avait d\u00e9j\u00e0 interrog\u00e9 Bob errait maintenant autour du terminal en le regardant monter \u00e0 bord de son avion. Nous sommes retourn\u00e9s en bas pour attendre les autres papiers. Le policier nous a dit que nous devions quitter l&rsquo;a\u00e9roport sous peine d&rsquo;\u00eatre arr\u00eat\u00e9s pour vagabondage. Bien que nous ayons expliqu\u00e9 que nous attendions quelqu&rsquo;un, il a menac\u00e9 de nous arr\u00eater de nouveau.<\/p>\n<p>Nous sommes tous entr\u00e9s dans la Ford lou\u00e9e en blanc pour laquelle j&rsquo;avais des papiers et conduisais. Le policier est \u00e9galement mont\u00e9 dans sa voiture et nous a suivis hors de l&rsquo;a\u00e9roport sur l&rsquo;autoroute. Pendant que nous \u00e9tions sur l&rsquo;autoroute, la voiture de police verte Valiant nous a crois\u00e9s et deux autres voitures de police, toutes deux blanches, ont commenc\u00e9 \u00e0 nous suivre. \u00c0 environ un demi-mille des limites de la ville de Jackson, l&rsquo;une des voitures de police m&rsquo;a repouss\u00e9 de la route. L&rsquo;un des policiers est sorti de la voiture et m&rsquo;a dit de me rendre \u00e0 la station-service de l&rsquo;autre c\u00f4t\u00e9 de l&rsquo;autoroute. Nous avons tous \u00e9t\u00e9 sortis de la voiture et fouill\u00e9s. J&rsquo;ai donn\u00e9 mon permis \u00e0 la police.<\/p>\n<p>Il y avait quatre policiers. Ils nous ont dit de lever la main. Pendant ce temps, les policiers ont commenc\u00e9 une s\u00e9rie de harc\u00e8lements verbaux et d&rsquo;intimidations. Ils ont jet\u00e9 quelques gestes mena\u00e7ants pour faire bonne mesure. Leur langage \u00e9tait abusif et ignoble: &#8230; <em>\u00ab\u00a0N\u00e8gre, d&rsquo;o\u00f9 tu viens? &#8230; Gar\u00e7on, comment t&rsquo;appelles-tu? &#8230; Foutu n\u00e8gre de vingt ans n&rsquo;est pas assez vieux pour s&rsquo;enregistrer, viens ici pour avoir d&rsquo;autres des n\u00e8gres pour s&rsquo;enregistrer &#8230; Si tu restes ici assez longtemps, tu commettras une erreur &#8230; Tout comme ta m\u00e8re a pagay\u00e9 ton derri\u00e8re, je vais devoir pagayer la tienne &#8230; Putain de connivence communiste NAACP n&rsquo;est-ce pas, mon gar\u00e7on? &#8230; \u00ab\u00a0<\/em><\/p>\n<p>Apr\u00e8s environ vingt minutes de cela et d&rsquo;autres formes d&rsquo;interrogatoire routinier des flics du Mississippi, l&rsquo;un des policiers m&rsquo;a dit que j&rsquo;\u00e9tais en \u00e9tat d&rsquo;arrestation pour avoir des plaques ill\u00e9gales sur la voiture. Je me suis retrouv\u00e9 \u00e0 l&rsquo;arri\u00e8re de l&rsquo;une des voitures de police pendant qu&rsquo;un des policiers arrivait devant l&rsquo;autre voiture. Les trois autres \u00e9taient toujours debout devant la station-service, les mains en l&rsquo;air. Un policier est entr\u00e9 \u00e0 l&rsquo;avant de la voiture dans laquelle j&rsquo;\u00e9tais assis et s&rsquo;est retourn\u00e9 et m&rsquo;a regard\u00e9 pendant que nous partions. Il semblait que le harc\u00e8lement allait recommencer.<\/p>\n<p><em>\u00ab\u00a0&#8230; N\u00e8gre, quel est le nom de ta m\u00e8re?\u00a0\u00bb<\/em> Je n&rsquo;ai pas r\u00e9pondu. <em>\u00abMon gar\u00e7on, si tu te sens tellement damn\u00e9 que tu sois d\u00e9sol\u00e9 pour ces fils de pute noirs, pourquoi ne les emm\u00e8nes-tu pas tous au nord avec toi? &#8230; N\u00e8gre, si j&rsquo;avais ton cul maudit \u00e0 Branden, je tuerais avant que vous ne soyez un putain de salaud communiste noir, commencez \u00e0 descendre ici, tout va bien, les n\u00e8gres ici n&rsquo;ont pas besoin de voter, ils ne sont pas cens\u00e9s voter.\u00a0\u00bb<br \/>\n<\/em><br \/>\nPendant toute cette p\u00e9riode, j&rsquo;\u00e9tais juste assis, ne r\u00e9pondant qu&rsquo;aux questions qui me semblaient \u00e0 moiti\u00e9 raisonnables et que je sentais qu&rsquo;il \u00e9tait de sa comp\u00e9tence de demander. Finalement, il m&rsquo;a dit que si le gouvernement f\u00e9d\u00e9ral envoyait des troupes \u00e0 Jackson, il tuerait tous les n\u00e8gres qu&rsquo;il rencontrerait. \u00ab\u00a0<em>Gar\u00e7on, ne sais-tu pas que les blancs valent mieux que les n\u00e8gres?\u00a0\u00bb<\/em> Je lui ai dit <em>\u00ab\u00a0Non\u00a0\u00bb<\/em> Il d\u00e9boucla son \u00e9tui, sortit son pistolet et le balan\u00e7a sur moi. Il m&rsquo;a attrap\u00e9 \u00e0 travers les jointures de ma main droite.<\/p>\n<p><em>\u00ab\u00a0Bon sang, les b\u00e2tards noirs pensent qu&rsquo;ils vont prendre le pouvoir ici &#8230; Eh bien, vous et l&rsquo;autre dieu damn\u00e9, les n\u00e8gres de Mo\u00efse ici ne vont pas vous tuer, mais une balle dans la t\u00eate !<\/em>\u00a0\u00bb Sur ce, il a de nouveau brandi son arme et m&rsquo;a attrap\u00e9 de l&rsquo;autre c\u00f4t\u00e9. <em>\u00ab\u00a0Fils noir de pute, je vais te tuer, n\u00e8gre, bon dieu, je vais te tuer!\u00a0\u00bb<\/em> Il \u00e9tait presque hyst\u00e9rique alors qu&rsquo;il soulevait son arme et la posait \u00e0 quelques centim\u00e8tres de mon visage. Il a charg\u00e9 son arme et pendant quelques secondes j&rsquo;ai senti que c&rsquo;\u00e9tait fini. \u00c0 peu pr\u00e8s au m\u00eame moment o\u00f9 il chargeait, l&rsquo;un des trois autres policiers qui \u00e9taient dehors avec les autres, est entr\u00e9 et a dit \u00e0 l&rsquo;autre policier: <em>\u00ab\u00a0Vous ne pouvez pas tuer ce n\u00e8gre.\u00a0\u00bb<\/em><\/p>\n<p>Ils m&rsquo;ont regard\u00e9 tous les deux pendant ce qui me semblait \u00eatre une \u00e9ternit\u00e9. J&rsquo;ai remarqu\u00e9 que les autres policiers \u00e9taient dans la voiture et que les camarades avec qui j&rsquo;\u00e9tais \u00e9taient rentr\u00e9s dans la Ford. Finalement, le flic qui m&rsquo;avait arr\u00eat\u00e9 m&rsquo;a jet\u00e9 le permis sur le visage. <em>\u00ab\u00a0Ne me laisse pas attraper ton cul ici dans le comt\u00e9 de Rankin, n\u00e8gre ou je te tuerai.\u00a0\u00bb<\/em><\/p>\n<p>Je suis remont\u00e9 dans le si\u00e8ge conducteur de ma voiture et j&rsquo;ai essay\u00e9 de calmer mes nerfs qui allaient exploser. J&rsquo;ai expliqu\u00e9 aux gars ce qui est arriv\u00e9. Il \u00e9tait d\u00e9j\u00e0 deux heures. Mo\u00efse avait d\u00e9coll\u00e9 \u00e0 12h32, alors nous \u00e9tions sur l&rsquo;autoroute depuis pr\u00e8s de deux heures.<\/p>\n<p>En retournant au bureau, j&rsquo;ai r\u00e9fl\u00e9chi \u00e0 l&rsquo;incident que je viens de raconter. Il n&rsquo;y avait simplement rien \u00e0 faire, sauf pour le dire comme quelque chose \u00e0 pr\u00e9voir, surtout quand vous essayez d&rsquo;amener le vote \u00e0 l&rsquo;homme noir du Mississippi.<\/p>\n<p style=\"text-align: right;\">Copyright \u00a9 Ivanhoe Donaldson, 1963.<\/p>\n<p>Source : <a href=\"http:\/\/www.crmvet.org\/lets\/livanhoe.htm\">http:\/\/www.crmvet.org\/lets\/livanhoe.htm<\/a><\/p>\n","protected":false},"excerpt":{"rendered":"<p>JACKSON, MISSISSIPPI, fin 1963 Ivanhoe Donaldson Secr\u00e9taire de la SNCC (Publi\u00e9 \u00e0 l&rsquo;origine dans Freedomways, 1er trimestre, 1964) Les deux derni\u00e8res semaines de septembre et le mois d&rsquo;octobre 1963 furent consacr\u00e9s \u00e0 l&rsquo;organisation et \u00e0 la campagne pour une \u00e9lection fictive \u00e0 laquelle les Noirs de l&rsquo;\u00c9tat du Mississippi furent invit\u00e9s \u00e0 participer. [Voir Freedom &hellip; <a href=\"https:\/\/fr.koddos.net\/blog\/jackson-mississippi-fin-1963\/\" class=\"more-link\">Continue reading <span class=\"screen-reader-text\">JACKSON, MISSISSIPPI, fin 1963<\/span><\/a><\/p>\n","protected":false},"author":1,"featured_media":0,"parent":0,"menu_order":0,"comment_status":"closed","ping_status":"closed","template":"","meta":{"footnotes":""},"class_list":["post-92","page","type-page","status-publish","hentry"],"yoast_head":"<!-- This site is optimized with the Yoast SEO plugin v27.5 - https:\/\/yoast.com\/product\/yoast-seo-wordpress\/ -->\n<title>JACKSON, MISSISSIPPI, fin 1963 - Blog KoDDoS<\/title>\n<meta name=\"robots\" content=\"index, follow, max-snippet:-1, max-image-preview:large, max-video-preview:-1\" \/>\n<link rel=\"canonical\" href=\"https:\/\/fr.koddos.net\/blog\/jackson-mississippi-fin-1963\/\" \/>\n<meta property=\"og:locale\" content=\"fr_FR\" \/>\n<meta property=\"og:type\" content=\"article\" \/>\n<meta property=\"og:title\" content=\"JACKSON, MISSISSIPPI, fin 1963 - Blog KoDDoS\" \/>\n<meta property=\"og:description\" content=\"JACKSON, MISSISSIPPI, fin 1963 Ivanhoe Donaldson Secr\u00e9taire de la SNCC (Publi\u00e9 \u00e0 l&rsquo;origine dans Freedomways, 1er trimestre, 1964) Les deux derni\u00e8res semaines de septembre et le mois d&rsquo;octobre 1963 furent consacr\u00e9s \u00e0 l&rsquo;organisation et \u00e0 la campagne pour une \u00e9lection fictive \u00e0 laquelle les Noirs de l&rsquo;\u00c9tat du Mississippi furent invit\u00e9s \u00e0 participer. [Voir Freedom &hellip; Continue reading JACKSON, MISSISSIPPI, fin 1963\" \/>\n<meta property=\"og:url\" content=\"https:\/\/fr.koddos.net\/blog\/jackson-mississippi-fin-1963\/\" \/>\n<meta property=\"og:site_name\" content=\"Blog KoDDoS\" \/>\n<meta property=\"article:publisher\" content=\"https:\/\/www.facebook.com\/koddosCom\" \/>\n<meta property=\"article:modified_time\" content=\"2018-02-12T12:01:54+00:00\" \/>\n<meta name=\"twitter:card\" content=\"summary_large_image\" \/>\n<meta name=\"twitter:site\" content=\"@koddoscom\" \/>\n<meta name=\"twitter:label1\" content=\"Dur\u00e9e de lecture estim\u00e9e\" \/>\n\t<meta name=\"twitter:data1\" content=\"7 minutes\" \/>\n<script type=\"application\/ld+json\" class=\"yoast-schema-graph\">{\"@context\":\"https:\\\/\\\/schema.org\",\"@graph\":[{\"@type\":\"WebPage\",\"@id\":\"https:\\\/\\\/fr.koddos.net\\\/blog\\\/jackson-mississippi-fin-1963\\\/\",\"url\":\"https:\\\/\\\/fr.koddos.net\\\/blog\\\/jackson-mississippi-fin-1963\\\/\",\"name\":\"JACKSON, MISSISSIPPI, fin 1963 - Blog KoDDoS\",\"isPartOf\":{\"@id\":\"https:\\\/\\\/fr.koddos.net\\\/blog\\\/#website\"},\"datePublished\":\"2018-02-12T11:57:24+00:00\",\"dateModified\":\"2018-02-12T12:01:54+00:00\",\"breadcrumb\":{\"@id\":\"https:\\\/\\\/fr.koddos.net\\\/blog\\\/jackson-mississippi-fin-1963\\\/#breadcrumb\"},\"inLanguage\":\"fr-FR\",\"potentialAction\":[{\"@type\":\"ReadAction\",\"target\":[\"https:\\\/\\\/fr.koddos.net\\\/blog\\\/jackson-mississippi-fin-1963\\\/\"]}]},{\"@type\":\"BreadcrumbList\",\"@id\":\"https:\\\/\\\/fr.koddos.net\\\/blog\\\/jackson-mississippi-fin-1963\\\/#breadcrumb\",\"itemListElement\":[{\"@type\":\"ListItem\",\"position\":1,\"name\":\"Accueil\",\"item\":\"https:\\\/\\\/fr.koddos.net\\\/blog\\\/\"},{\"@type\":\"ListItem\",\"position\":2,\"name\":\"JACKSON, MISSISSIPPI, fin 1963\"}]},{\"@type\":\"WebSite\",\"@id\":\"https:\\\/\\\/fr.koddos.net\\\/blog\\\/#website\",\"url\":\"https:\\\/\\\/fr.koddos.net\\\/blog\\\/\",\"name\":\"Blog KoDDoS\",\"description\":\"Blog KoDDoS est un blog d\u2019information et d\u2019actualit\u00e9 focalis\u00e9 sur le hacking, la cyber criminalit\u00e9, la vie priv\u00e9e et la surveillance.\",\"publisher\":{\"@id\":\"https:\\\/\\\/fr.koddos.net\\\/blog\\\/#organization\"},\"potentialAction\":[{\"@type\":\"SearchAction\",\"target\":{\"@type\":\"EntryPoint\",\"urlTemplate\":\"https:\\\/\\\/fr.koddos.net\\\/blog\\\/?s={search_term_string}\"},\"query-input\":{\"@type\":\"PropertyValueSpecification\",\"valueRequired\":true,\"valueName\":\"search_term_string\"}}],\"inLanguage\":\"fr-FR\"},{\"@type\":\"Organization\",\"@id\":\"https:\\\/\\\/fr.koddos.net\\\/blog\\\/#organization\",\"name\":\"KoDDoS\",\"url\":\"https:\\\/\\\/fr.koddos.net\\\/blog\\\/\",\"logo\":{\"@type\":\"ImageObject\",\"inLanguage\":\"fr-FR\",\"@id\":\"https:\\\/\\\/fr.koddos.net\\\/blog\\\/#\\\/schema\\\/logo\\\/image\\\/\",\"url\":\"https:\\\/\\\/i1.wp.com\\\/fr.koddos.net\\\/blog\\\/wp-content\\\/uploads\\\/2018\\\/02\\\/logo.png?fit=258%2C55&ssl=1\",\"contentUrl\":\"https:\\\/\\\/i1.wp.com\\\/fr.koddos.net\\\/blog\\\/wp-content\\\/uploads\\\/2018\\\/02\\\/logo.png?fit=258%2C55&ssl=1\",\"width\":258,\"height\":55,\"caption\":\"KoDDoS\"},\"image\":{\"@id\":\"https:\\\/\\\/fr.koddos.net\\\/blog\\\/#\\\/schema\\\/logo\\\/image\\\/\"},\"sameAs\":[\"https:\\\/\\\/www.facebook.com\\\/koddosCom\",\"https:\\\/\\\/x.com\\\/koddoscom\"]}]}<\/script>\n<!-- \/ Yoast SEO plugin. -->","yoast_head_json":{"title":"JACKSON, MISSISSIPPI, fin 1963 - Blog KoDDoS","robots":{"index":"index","follow":"follow","max-snippet":"max-snippet:-1","max-image-preview":"max-image-preview:large","max-video-preview":"max-video-preview:-1"},"canonical":"https:\/\/fr.koddos.net\/blog\/jackson-mississippi-fin-1963\/","og_locale":"fr_FR","og_type":"article","og_title":"JACKSON, MISSISSIPPI, fin 1963 - Blog KoDDoS","og_description":"JACKSON, MISSISSIPPI, fin 1963 Ivanhoe Donaldson Secr\u00e9taire de la SNCC (Publi\u00e9 \u00e0 l&rsquo;origine dans Freedomways, 1er trimestre, 1964) Les deux derni\u00e8res semaines de septembre et le mois d&rsquo;octobre 1963 furent consacr\u00e9s \u00e0 l&rsquo;organisation et \u00e0 la campagne pour une \u00e9lection fictive \u00e0 laquelle les Noirs de l&rsquo;\u00c9tat du Mississippi furent invit\u00e9s \u00e0 participer. [Voir Freedom &hellip; Continue reading JACKSON, MISSISSIPPI, fin 1963","og_url":"https:\/\/fr.koddos.net\/blog\/jackson-mississippi-fin-1963\/","og_site_name":"Blog KoDDoS","article_publisher":"https:\/\/www.facebook.com\/koddosCom","article_modified_time":"2018-02-12T12:01:54+00:00","twitter_card":"summary_large_image","twitter_site":"@koddoscom","twitter_misc":{"Dur\u00e9e de lecture estim\u00e9e":"7 minutes"},"schema":{"@context":"https:\/\/schema.org","@graph":[{"@type":"WebPage","@id":"https:\/\/fr.koddos.net\/blog\/jackson-mississippi-fin-1963\/","url":"https:\/\/fr.koddos.net\/blog\/jackson-mississippi-fin-1963\/","name":"JACKSON, MISSISSIPPI, fin 1963 - Blog KoDDoS","isPartOf":{"@id":"https:\/\/fr.koddos.net\/blog\/#website"},"datePublished":"2018-02-12T11:57:24+00:00","dateModified":"2018-02-12T12:01:54+00:00","breadcrumb":{"@id":"https:\/\/fr.koddos.net\/blog\/jackson-mississippi-fin-1963\/#breadcrumb"},"inLanguage":"fr-FR","potentialAction":[{"@type":"ReadAction","target":["https:\/\/fr.koddos.net\/blog\/jackson-mississippi-fin-1963\/"]}]},{"@type":"BreadcrumbList","@id":"https:\/\/fr.koddos.net\/blog\/jackson-mississippi-fin-1963\/#breadcrumb","itemListElement":[{"@type":"ListItem","position":1,"name":"Accueil","item":"https:\/\/fr.koddos.net\/blog\/"},{"@type":"ListItem","position":2,"name":"JACKSON, MISSISSIPPI, fin 1963"}]},{"@type":"WebSite","@id":"https:\/\/fr.koddos.net\/blog\/#website","url":"https:\/\/fr.koddos.net\/blog\/","name":"Blog KoDDoS","description":"Blog KoDDoS est un blog d\u2019information et d\u2019actualit\u00e9 focalis\u00e9 sur le hacking, la cyber criminalit\u00e9, la vie priv\u00e9e et la surveillance.","publisher":{"@id":"https:\/\/fr.koddos.net\/blog\/#organization"},"potentialAction":[{"@type":"SearchAction","target":{"@type":"EntryPoint","urlTemplate":"https:\/\/fr.koddos.net\/blog\/?s={search_term_string}"},"query-input":{"@type":"PropertyValueSpecification","valueRequired":true,"valueName":"search_term_string"}}],"inLanguage":"fr-FR"},{"@type":"Organization","@id":"https:\/\/fr.koddos.net\/blog\/#organization","name":"KoDDoS","url":"https:\/\/fr.koddos.net\/blog\/","logo":{"@type":"ImageObject","inLanguage":"fr-FR","@id":"https:\/\/fr.koddos.net\/blog\/#\/schema\/logo\/image\/","url":"https:\/\/i1.wp.com\/fr.koddos.net\/blog\/wp-content\/uploads\/2018\/02\/logo.png?fit=258%2C55&ssl=1","contentUrl":"https:\/\/i1.wp.com\/fr.koddos.net\/blog\/wp-content\/uploads\/2018\/02\/logo.png?fit=258%2C55&ssl=1","width":258,"height":55,"caption":"KoDDoS"},"image":{"@id":"https:\/\/fr.koddos.net\/blog\/#\/schema\/logo\/image\/"},"sameAs":["https:\/\/www.facebook.com\/koddosCom","https:\/\/x.com\/koddoscom"]}]}},"jetpack_sharing_enabled":true,"jetpack_shortlink":"https:\/\/wp.me\/P9DjzA-1u","jetpack_likes_enabled":true,"_links":{"self":[{"href":"https:\/\/fr.koddos.net\/blog\/wp-json\/wp\/v2\/pages\/92","targetHints":{"allow":["GET"]}}],"collection":[{"href":"https:\/\/fr.koddos.net\/blog\/wp-json\/wp\/v2\/pages"}],"about":[{"href":"https:\/\/fr.koddos.net\/blog\/wp-json\/wp\/v2\/types\/page"}],"author":[{"embeddable":true,"href":"https:\/\/fr.koddos.net\/blog\/wp-json\/wp\/v2\/users\/1"}],"replies":[{"embeddable":true,"href":"https:\/\/fr.koddos.net\/blog\/wp-json\/wp\/v2\/comments?post=92"}],"version-history":[{"count":3,"href":"https:\/\/fr.koddos.net\/blog\/wp-json\/wp\/v2\/pages\/92\/revisions"}],"predecessor-version":[{"id":95,"href":"https:\/\/fr.koddos.net\/blog\/wp-json\/wp\/v2\/pages\/92\/revisions\/95"}],"wp:attachment":[{"href":"https:\/\/fr.koddos.net\/blog\/wp-json\/wp\/v2\/media?parent=92"}],"curies":[{"name":"wp","href":"https:\/\/api.w.org\/{rel}","templated":true}]}}